{"id":1061,"date":"2026-02-23T12:01:02","date_gmt":"2026-02-23T09:01:02","guid":{"rendered":"http:\/\/pmd.elektronikdizgi.com\/?page_id=1061"},"modified":"2026-02-23T12:01:04","modified_gmt":"2026-02-23T09:01:04","slug":"diburutorlukler","status":"publish","type":"page","link":"https:\/\/pg-int.de\/?page_id=1061&lang=tr","title":{"rendered":"Dib\u00fcr\u00fct\u00f6rl\u00fckler"},"content":{"rendered":"\n<figure class=\"wp-block-image aligncenter size-full\"><a href=\"https:\/\/www.ferrobotics.com\/en\/home\/\" target=\"_blank\" rel=\" noreferrer noopener\"><img loading=\"lazy\" decoding=\"async\" width=\"600\" height=\"300\" src=\"http:\/\/pmd.elektronikdizgi.com\/wp-content\/uploads\/2026\/02\/FerRobotics_RGB_vision.png\" alt=\"\" class=\"wp-image-839\" srcset=\"https:\/\/pg-int.de\/wp-content\/uploads\/2026\/02\/FerRobotics_RGB_vision.png 600w, https:\/\/pg-int.de\/wp-content\/uploads\/2026\/02\/FerRobotics_RGB_vision-300x150.png 300w\" sizes=\"auto, (max-width: 600px) 100vw, 600px\" \/><\/a><\/figure>\n","protected":false},"excerpt":{"rendered":"","protected":false},"author":1,"featured_media":838,"parent":0,"menu_order":0,"comment_status":"closed","ping_status":"closed","template":"","meta":{"inspiro_hide_title":false,"footnotes":""},"class_list":["post-1061","page","type-page","status-publish","has-post-thumbnail","hentry"],"_links":{"self":[{"href":"https:\/\/pg-int.de\/index.php?rest_route=\/wp\/v2\/pages\/1061","targetHints":{"allow":["GET"]}}],"collection":[{"href":"https:\/\/pg-int.de\/index.php?rest_route=\/wp\/v2\/pages"}],"about":[{"href":"https:\/\/pg-int.de\/index.php?rest_route=\/wp\/v2\/types\/page"}],"author":[{"embeddable":true,"href":"https:\/\/pg-int.de\/index.php?rest_route=\/wp\/v2\/users\/1"}],"replies":[{"embeddable":true,"href":"https:\/\/pg-int.de\/index.php?rest_route=%2Fwp%2Fv2%2Fcomments&post=1061"}],"version-history":[{"count":1,"href":"https:\/\/pg-int.de\/index.php?rest_route=\/wp\/v2\/pages\/1061\/revisions"}],"predecessor-version":[{"id":1062,"href":"https:\/\/pg-int.de\/index.php?rest_route=\/wp\/v2\/pages\/1061\/revisions\/1062"}],"wp:featuredmedia":[{"embeddable":true,"href":"https:\/\/pg-int.de\/index.php?rest_route=\/wp\/v2\/media\/838"}],"wp:attachment":[{"href":"https:\/\/pg-int.de\/index.php?rest_route=%2Fwp%2Fv2%2Fmedia&parent=1061"}],"curies":[{"name":"wp","href":"https:\/\/api.w.org\/{rel}","templated":true}]}}