{"id":1073,"date":"2026-02-23T12:18:25","date_gmt":"2026-02-23T09:18:25","guid":{"rendered":"http:\/\/pmd.elektronikdizgi.com\/?page_id=1073"},"modified":"2026-02-23T12:18:26","modified_gmt":"2026-02-23T09:18:26","slug":"hakkimizda","status":"publish","type":"page","link":"https:\/\/pg-int.de\/?page_id=1073&lang=tr","title":{"rendered":"Hakk\u0131m\u0131zda"},"content":{"rendered":"\n<div class=\"wp-block-columns alignwide is-layout-flex wp-container-core-columns-is-layout-28f84493 wp-block-columns-is-layout-flex\">\n<div class=\"wp-block-column is-layout-flow wp-block-column-is-layout-flow\">\n<p>Kuruldu\u011fumuz g\u00fcnden bu yana; yenilik\u00e7i bak\u0131\u015f a\u00e7\u0131s\u0131, m\u00fchendislik disiplini ve s\u00fcrd\u00fcr\u00fclebilir \u00e7\u00f6z\u00fcmler oda\u011f\u0131nda hizmet veren bir firma olarak, m\u00fc\u015fterilerimizin ihtiya\u00e7lar\u0131na de\u011fer katan projeler \u00fcretmekteyiz.<\/p>\n\n\n\n<p>Alan\u0131nda uzman kadromuzla; <strong>dan\u0131\u015fmanl\u0131k, m\u00fchendislik ve tasar\u0131m<\/strong> s\u00fcre\u00e7lerini b\u00fct\u00fcnc\u00fcl bir yakla\u015f\u0131mla ele al\u0131yor, her projede kalite, verimlilik ve uzun vadeli fayday\u0131 \u00f6n planda tutuyoruz. Teknolojiyi yak\u0131ndan takip eden yap\u0131m\u0131z sayesinde, g\u00fcncel standartlara uygun, uygulanabilir ve sonu\u00e7 odakl\u0131 \u00e7\u00f6z\u00fcmler sunuyoruz.<\/p>\n\n\n\n<p>Her projeyi sadece teknik bir i\u015f olarak de\u011fil, <strong>stratejik bir ortakl\u0131k<\/strong> olarak g\u00f6r\u00fcyor; m\u00fc\u015fterilerimizin hedeflerini kendi hedeflerimiz gibi sahipleniyoruz. \u015eeffaf ileti\u015fim, zaman\u0131nda teslim ve y\u00fcksek sorumluluk bilinci, \u00e7al\u0131\u015fma k\u00fclt\u00fcr\u00fcm\u00fcz\u00fcn temel ta\u015flar\u0131n\u0131 olu\u015fturur.<\/p>\n\n\n\n<p>Bug\u00fcn oldu\u011fu gibi gelecekte de; g\u00fcvenilir, yenilik\u00e7i ve katma de\u011fer \u00fcreten bir \u00e7\u00f6z\u00fcm orta\u011f\u0131 olarak sekt\u00f6re katk\u0131 sa\u011flamaya devam ediyoruz.<\/p>\n\n\n\n<div style=\"height:44px\" aria-hidden=\"true\" class=\"wp-block-spacer\"><\/div>\n\n\n\n<figure class=\"wp-block-image aligncenter size-full is-resized\"><img decoding=\"async\" src=\"http:\/\/pmd.elektronikdizgi.com\/wp-content\/uploads\/2026\/02\/logo_pg.png\" alt=\"\" class=\"wp-image-13\" style=\"width:534px;height:auto\"\/><\/figure>\n<\/div>\n<\/div>\n\n\n\n<div class=\"wp-block-columns alignwide is-layout-flex wp-container-core-columns-is-layout-28f84493 wp-block-columns-is-layout-flex\">\n<div class=\"wp-block-column is-layout-flow wp-block-column-is-layout-flow\">\n<figure class=\"wp-block-image size-full\"><img loading=\"lazy\" decoding=\"async\" width=\"400\" height=\"400\" src=\"http:\/\/www.elektronikdizgi.com\/pmd\/wp-content\/uploads\/2026\/02\/it2.png\" alt=\"\" class=\"wp-image-53\" srcset=\"https:\/\/pg-int.de\/wp-content\/uploads\/2026\/02\/it2.png 400w, https:\/\/pg-int.de\/wp-content\/uploads\/2026\/02\/it2-300x300.png 300w, https:\/\/pg-int.de\/wp-content\/uploads\/2026\/02\/it2-150x150.png 150w\" sizes=\"auto, (max-width: 400px) 100vw, 400px\" \/><\/figure>\n\n\n\n<p class=\"has-black-color has-text-color has-medium-font-size\"><a href=\"http:\/\/pmd.elektronikdizgi.com\/?page_id=256\" data-type=\"page\" data-id=\"256\">PMD<\/a><\/p>\n\n\n\n<p class=\"has-text-color\" style=\"color:#7a7a7a\">Uzman ekibimizle birlikte, teknolojiyi etkin kullanarak <strong>uygulanabilir, \u00e7a\u011fda\u015f ve katma de\u011fer sa\u011flayan<\/strong> projelere imza at\u0131yoruz.<\/p>\n<\/div>\n\n\n\n<div class=\"wp-block-column is-layout-flow wp-block-column-is-layout-flow\">\n<figure class=\"wp-block-image size-full\"><img loading=\"lazy\" decoding=\"async\" width=\"400\" height=\"400\" src=\"http:\/\/www.elektronikdizgi.com\/pmd\/wp-content\/uploads\/2026\/02\/it-1.png\" alt=\"\" class=\"wp-image-52\" srcset=\"https:\/\/pg-int.de\/wp-content\/uploads\/2026\/02\/it-1.png 400w, https:\/\/pg-int.de\/wp-content\/uploads\/2026\/02\/it-1-300x300.png 300w, https:\/\/pg-int.de\/wp-content\/uploads\/2026\/02\/it-1-150x150.png 150w\" sizes=\"auto, (max-width: 400px) 100vw, 400px\" \/><\/figure>\n\n\n\n<p class=\"has-black-color has-text-color has-medium-font-size\"><a href=\"#\">PEC<\/a><\/p>\n\n\n\n<p class=\"has-text-color\" style=\"color:#7a7a7a\">Yenilik\u00e7i yakla\u015f\u0131m\u0131m\u0131z ve m\u00fchendislik disiplinimizle; dan\u0131\u015fmanl\u0131k, m\u00fchendislik ve tasar\u0131m alanlar\u0131nda <strong>g\u00fcvenilir ve s\u00fcrd\u00fcr\u00fclebilir \u00e7\u00f6z\u00fcmler<\/strong> \u00fcretiyoruz. Her projede kaliteyi, verimlili\u011fi ve uzun vadeli de\u011feri esas al\u0131yor; m\u00fc\u015fterilerimizin hedeflerine odaklanan sonu\u00e7lar sunuyoruz.<\/p>\n<\/div>\n\n\n\n<div class=\"wp-block-column is-layout-flow wp-block-column-is-layout-flow\">\n<figure class=\"wp-block-image size-full\"><img loading=\"lazy\" decoding=\"async\" width=\"400\" height=\"400\" src=\"http:\/\/www.elektronikdizgi.com\/pmd\/wp-content\/uploads\/2026\/02\/it-4.png\" alt=\"\" class=\"wp-image-56\" srcset=\"https:\/\/pg-int.de\/wp-content\/uploads\/2026\/02\/it-4.png 400w, https:\/\/pg-int.de\/wp-content\/uploads\/2026\/02\/it-4-300x300.png 300w, https:\/\/pg-int.de\/wp-content\/uploads\/2026\/02\/it-4-150x150.png 150w\" sizes=\"auto, (max-width: 400px) 100vw, 400px\" \/><\/figure>\n\n\n\n<p class=\"has-black-color has-text-color has-medium-font-size\"><a href=\"http:\/\/pmd.elektronikdizgi.com\/?page_id=258\" data-type=\"page\" data-id=\"258\">3DS<\/a><\/p>\n\n\n\n<p class=\"has-text-color\" style=\"color:#7a7a7a\">Gelece\u011fi bug\u00fcnden tasarl\u0131yoruz. M\u00fchendislik bilgisi, stratejik dan\u0131\u015fmanl\u0131k ve yenilik\u00e7i tasar\u0131m anlay\u0131\u015f\u0131n\u0131 bir araya getirerek; yaln\u0131zca projeler de\u011fil, <strong>kal\u0131c\u0131 de\u011ferler<\/strong> \u00fcretiyoruz.<\/p>\n<\/div>\n\n\n\n<div class=\"wp-block-column is-layout-flow wp-block-column-is-layout-flow\">\n<figure class=\"wp-block-image size-full\"><img loading=\"lazy\" decoding=\"async\" width=\"400\" height=\"400\" src=\"http:\/\/www.elektronikdizgi.com\/pmd\/wp-content\/uploads\/2026\/02\/it-3.png\" alt=\"\" class=\"wp-image-55\" srcset=\"https:\/\/pg-int.de\/wp-content\/uploads\/2026\/02\/it-3.png 400w, https:\/\/pg-int.de\/wp-content\/uploads\/2026\/02\/it-3-300x300.png 300w, https:\/\/pg-int.de\/wp-content\/uploads\/2026\/02\/it-3-150x150.png 150w\" sizes=\"auto, (max-width: 400px) 100vw, 400px\" \/><\/figure>\n\n\n\n<p class=\"has-black-color has-text-color has-medium-font-size\"><a href=\"#\">CATECS<\/a><\/p>\n\n\n\n<p class=\"has-text-color\" style=\"color:#7a7a7a\">Her \u00e7al\u0131\u015fmada s\u0131n\u0131rlar\u0131 zorlayan \u00e7\u00f6z\u00fcmler geli\u015ftiriyor, teknolojiyi ak\u0131ll\u0131 ve etkin \u015fekilde kullanarak <strong>y\u00fcksek etki yaratan, s\u00fcrd\u00fcr\u00fclebilir ve fark olu\u015fturan<\/strong> sonu\u00e7lar sunuyoruz. G\u00fcc\u00fcm\u00fcz\u00fc uzmanl\u0131\u011f\u0131m\u0131zdan, vizyonumuzu s\u00fcrekli geli\u015fimden al\u0131yoruz.<\/p>\n<\/div>\n\n\n\n<div class=\"wp-block-column is-layout-flow wp-block-column-is-layout-flow\">\n<figure class=\"wp-block-image size-full\"><img loading=\"lazy\" decoding=\"async\" width=\"400\" height=\"400\" src=\"http:\/\/www.elektronikdizgi.com\/pmd\/wp-content\/uploads\/2026\/02\/innoo_tech.jpg\" alt=\"\" class=\"wp-image-166\" srcset=\"https:\/\/pg-int.de\/wp-content\/uploads\/2026\/02\/innoo_tech.jpg 400w, https:\/\/pg-int.de\/wp-content\/uploads\/2026\/02\/innoo_tech-300x300.jpg 300w, https:\/\/pg-int.de\/wp-content\/uploads\/2026\/02\/innoo_tech-150x150.jpg 150w\" sizes=\"auto, (max-width: 400px) 100vw, 400px\" \/><\/figure>\n\n\n\n<p class=\"has-black-color has-text-color has-medium-font-size\"><a href=\"#\">ITP<\/a><\/p>\n\n\n\n<p class=\"has-text-color\" style=\"color:#7a7a7a\">Gelece\u011fi bug\u00fcnden tasarlayan bir anlay\u0131\u015fla; m\u00fchendislik, dan\u0131\u015fmanl\u0131k ve tasar\u0131m disiplinlerini bir araya getiriyor, projelere sadece \u00e7\u00f6z\u00fcm de\u011fil <strong>vizyon<\/strong> kazand\u0131r\u0131yoruz. Teknolojiyi etkin kullanan, s\u00fcrd\u00fcr\u00fclebilir ve y\u00fcksek etki yaratan yakla\u015f\u0131mlar\u0131m\u0131zla m\u00fc\u015fterilerimiz i\u00e7in <strong>kal\u0131c\u0131 de\u011fer<\/strong> \u00fcretiyor, uzmanl\u0131\u011f\u0131m\u0131zla fark olu\u015fturan sonu\u00e7lara imza at\u0131yoruz.<\/p>\n<\/div>\n<\/div>\n\n\n\n<div style=\"height:16px\" aria-hidden=\"true\" class=\"wp-block-spacer\"><\/div>\n\n\n\n<p><\/p>\n","protected":false},"excerpt":{"rendered":"<p>Kuruldu\u011fumuz g\u00fcnden bu yana; yenilik\u00e7i bak\u0131\u015f a\u00e7\u0131s\u0131, m\u00fchendislik disiplini ve s\u00fcrd\u00fcr\u00fclebilir \u00e7\u00f6z\u00fcmler oda\u011f\u0131nda hizmet veren bir firma olarak, m\u00fc\u015fterilerimizin ihtiya\u00e7lar\u0131na de\u011fer katan projeler \u00fcretmekteyiz. Alan\u0131nda uzman kadromuzla; dan\u0131\u015fmanl\u0131k, m\u00fchendislik ve tasar\u0131m s\u00fcre\u00e7lerini b\u00fct\u00fcnc\u00fcl bir yakla\u015f\u0131mla ele al\u0131yor, her projede kalite, &hellip; <\/p>\n<p class=\"link-more\"><a href=\"https:\/\/pg-int.de\/?page_id=1073&#038;lang=tr\" class=\"more-link\"><span class=\"screen-reader-text\"> &#8220;Hakk\u0131m\u0131zda&#8221;<\/span>devam\u0131n\u0131 oku<\/a><\/p>\n","protected":false},"author":1,"featured_media":710,"parent":0,"menu_order":0,"comment_status":"closed","ping_status":"closed","template":"","meta":{"inspiro_hide_title":false,"footnotes":""},"class_list":["post-1073","page","type-page","status-publish","has-post-thumbnail","hentry"],"_links":{"self":[{"href":"https:\/\/pg-int.de\/index.php?rest_route=\/wp\/v2\/pages\/1073","targetHints":{"allow":["GET"]}}],"collection":[{"href":"https:\/\/pg-int.de\/index.php?rest_route=\/wp\/v2\/pages"}],"about":[{"href":"https:\/\/pg-int.de\/index.php?rest_route=\/wp\/v2\/types\/page"}],"author":[{"embeddable":true,"href":"https:\/\/pg-int.de\/index.php?rest_route=\/wp\/v2\/users\/1"}],"replies":[{"embeddable":true,"href":"https:\/\/pg-int.de\/index.php?rest_route=%2Fwp%2Fv2%2Fcomments&post=1073"}],"version-history":[{"count":1,"href":"https:\/\/pg-int.de\/index.php?rest_route=\/wp\/v2\/pages\/1073\/revisions"}],"predecessor-version":[{"id":1074,"href":"https:\/\/pg-int.de\/index.php?rest_route=\/wp\/v2\/pages\/1073\/revisions\/1074"}],"wp:featuredmedia":[{"embeddable":true,"href":"https:\/\/pg-int.de\/index.php?rest_route=\/wp\/v2\/media\/710"}],"wp:attachment":[{"href":"https:\/\/pg-int.de\/index.php?rest_route=%2Fwp%2Fv2%2Fmedia&parent=1073"}],"curies":[{"name":"wp","href":"https:\/\/api.w.org\/{rel}","templated":true}]}}