{"id":1078,"date":"2026-02-23T12:21:46","date_gmt":"2026-02-23T09:21:46","guid":{"rendered":"http:\/\/pmd.elektronikdizgi.com\/?page_id=1078"},"modified":"2026-02-23T12:24:51","modified_gmt":"2026-02-23T09:24:51","slug":"uber-uns","status":"publish","type":"page","link":"https:\/\/pg-int.de\/?page_id=1078&lang=de","title":{"rendered":"\u00dcber uns"},"content":{"rendered":"\n<div class=\"wp-block-columns alignwide is-layout-flex wp-container-core-columns-is-layout-28f84493 wp-block-columns-is-layout-flex\">\n<div class=\"wp-block-column is-layout-flow wp-block-column-is-layout-flow\">\n<p>Seit unserer Gr\u00fcndung konzentrieren wir uns auf innovative Perspektiven, ingenieurtechnische Kompetenz und nachhaltige L\u00f6sungen und realisieren Projekte, die den Bed\u00fcrfnissen unserer Kunden einen echten Mehrwert bieten.<\/p>\n\n\n\n<p>Unser Expertenteam geht Beratungs-, Entwicklungs- und Planungsprozesse ganzheitlich an und legt dabei in jedem Projekt Wert auf Qualit\u00e4t, Effizienz und langfristigen Nutzen. Dank unserer technologieorientierten Struktur bieten wir realisierbare und ergebnisorientierte L\u00f6sungen, die den aktuellen Standards entsprechen.<\/p>\n\n\n\n<p>Wir betrachten jedes Projekt nicht nur als technische Aufgabe, sondern als strategische Partnerschaft. Die Ziele unserer Kunden sind uns wichtig. Transparente Kommunikation, termingerechte Lieferung und ein hohes Verantwortungsbewusstsein bilden die Eckpfeiler unserer Unternehmenskultur.<\/p>\n\n\n\n<p>Auch in Zukunft werden wir als zuverl\u00e4ssiger, innovativer und wertsch\u00f6pfender L\u00f6sungspartner einen wichtigen Beitrag f\u00fcr die Branche leisten.<\/p>\n\n\n\n<div style=\"height:44px\" aria-hidden=\"true\" class=\"wp-block-spacer\"><\/div>\n\n\n\n<figure class=\"wp-block-image aligncenter size-full is-resized\"><img decoding=\"async\" src=\"http:\/\/pmd.elektronikdizgi.com\/wp-content\/uploads\/2026\/02\/logo_pg.png\" alt=\"\" class=\"wp-image-13\" style=\"width:534px;height:auto\"\/><\/figure>\n<\/div>\n<\/div>\n\n\n\n<div class=\"wp-block-columns alignwide is-layout-flex wp-container-core-columns-is-layout-28f84493 wp-block-columns-is-layout-flex\">\n<div class=\"wp-block-column is-layout-flow wp-block-column-is-layout-flow\">\n<figure class=\"wp-block-image size-full\"><img loading=\"lazy\" decoding=\"async\" width=\"400\" height=\"400\" src=\"http:\/\/www.elektronikdizgi.com\/pmd\/wp-content\/uploads\/2026\/02\/it2.png\" alt=\"\" class=\"wp-image-53\" srcset=\"https:\/\/pg-int.de\/wp-content\/uploads\/2026\/02\/it2.png 400w, https:\/\/pg-int.de\/wp-content\/uploads\/2026\/02\/it2-300x300.png 300w, https:\/\/pg-int.de\/wp-content\/uploads\/2026\/02\/it2-150x150.png 150w\" sizes=\"auto, (max-width: 400px) 100vw, 400px\" \/><\/figure>\n\n\n\n<p class=\"has-black-color has-text-color has-medium-font-size\"><a href=\"http:\/\/pmd.elektronikdizgi.com\/?page_id=256\" data-type=\"page\" data-id=\"256\">PMD<\/a><\/p>\n\n\n\n<p class=\"has-text-color\" style=\"color:#7a7a7a\">Gemeinsam mit unserem Expertenteam realisieren wir durch den effektiven Einsatz von Technologie realisierbare, moderne und wertsch\u00f6pfende Projekte.<\/p>\n<\/div>\n\n\n\n<div class=\"wp-block-column is-layout-flow wp-block-column-is-layout-flow\">\n<figure class=\"wp-block-image size-full\"><img loading=\"lazy\" decoding=\"async\" width=\"400\" height=\"400\" src=\"http:\/\/www.elektronikdizgi.com\/pmd\/wp-content\/uploads\/2026\/02\/it-1.png\" alt=\"\" class=\"wp-image-52\" srcset=\"https:\/\/pg-int.de\/wp-content\/uploads\/2026\/02\/it-1.png 400w, https:\/\/pg-int.de\/wp-content\/uploads\/2026\/02\/it-1-300x300.png 300w, https:\/\/pg-int.de\/wp-content\/uploads\/2026\/02\/it-1-150x150.png 150w\" sizes=\"auto, (max-width: 400px) 100vw, 400px\" \/><\/figure>\n\n\n\n<p class=\"has-black-color has-text-color has-medium-font-size\"><a href=\"#\">PEC<\/a><\/p>\n\n\n\n<p class=\"has-text-color\" style=\"color:#7a7a7a\">Mit unserem innovativen Ansatz und unserer ingenieurtechnischen Kompetenz entwickeln wir zuverl\u00e4ssige und nachhaltige L\u00f6sungen in den Bereichen Beratung, Engineering und Design. In jedem Projekt legen wir Wert auf Qualit\u00e4t, Effizienz und langfristigen Wert und liefern Ergebnisse, die die Ziele unserer Kunden in den Mittelpunkt stellen.<\/p>\n<\/div>\n\n\n\n<div class=\"wp-block-column is-layout-flow wp-block-column-is-layout-flow\">\n<figure class=\"wp-block-image size-full\"><img loading=\"lazy\" decoding=\"async\" width=\"400\" height=\"400\" src=\"http:\/\/www.elektronikdizgi.com\/pmd\/wp-content\/uploads\/2026\/02\/it-4.png\" alt=\"\" class=\"wp-image-56\" srcset=\"https:\/\/pg-int.de\/wp-content\/uploads\/2026\/02\/it-4.png 400w, https:\/\/pg-int.de\/wp-content\/uploads\/2026\/02\/it-4-300x300.png 300w, https:\/\/pg-int.de\/wp-content\/uploads\/2026\/02\/it-4-150x150.png 150w\" sizes=\"auto, (max-width: 400px) 100vw, 400px\" \/><\/figure>\n\n\n\n<p class=\"has-black-color has-text-color has-medium-font-size\"><a href=\"http:\/\/pmd.elektronikdizgi.com\/?page_id=258\" data-type=\"page\" data-id=\"258\">3DS<\/a><\/p>\n\n\n\n<p class=\"has-text-color\" style=\"color:#7a7a7a\">Wir gestalten die Zukunft schon heute. Durch die Kombination von Ingenieurkompetenz, strategischer Beratung und innovativen Gestaltungsprinzipien schaffen wir nicht nur Projekte, sondern nachhaltigen Wert.<\/p>\n<\/div>\n\n\n\n<div class=\"wp-block-column is-layout-flow wp-block-column-is-layout-flow\">\n<figure class=\"wp-block-image size-full\"><img loading=\"lazy\" decoding=\"async\" width=\"400\" height=\"400\" src=\"http:\/\/www.elektronikdizgi.com\/pmd\/wp-content\/uploads\/2026\/02\/it-3.png\" alt=\"\" class=\"wp-image-55\" srcset=\"https:\/\/pg-int.de\/wp-content\/uploads\/2026\/02\/it-3.png 400w, https:\/\/pg-int.de\/wp-content\/uploads\/2026\/02\/it-3-300x300.png 300w, https:\/\/pg-int.de\/wp-content\/uploads\/2026\/02\/it-3-150x150.png 150w\" sizes=\"auto, (max-width: 400px) 100vw, 400px\" \/><\/figure>\n\n\n\n<p class=\"has-black-color has-text-color has-medium-font-size\"><a href=\"#\">CATECS<\/a><\/p>\n\n\n\n<p class=\"has-text-color\" style=\"color:#7a7a7a\">In jedem Projekt entwickeln wir innovative L\u00f6sungen, indem wir Technologie intelligent und effektiv einsetzen, um wirkungsvolle, nachhaltige und differenzierende Ergebnisse zu erzielen. Unsere St\u00e4rke basiert auf unserer Expertise, unsere Vision auf kontinuierlicher Verbesserung.<\/p>\n<\/div>\n\n\n\n<div class=\"wp-block-column is-layout-flow wp-block-column-is-layout-flow\">\n<figure class=\"wp-block-image size-full\"><img loading=\"lazy\" decoding=\"async\" width=\"400\" height=\"400\" src=\"http:\/\/www.elektronikdizgi.com\/pmd\/wp-content\/uploads\/2026\/02\/innoo_tech.jpg\" alt=\"\" class=\"wp-image-166\" srcset=\"https:\/\/pg-int.de\/wp-content\/uploads\/2026\/02\/innoo_tech.jpg 400w, https:\/\/pg-int.de\/wp-content\/uploads\/2026\/02\/innoo_tech-300x300.jpg 300w, https:\/\/pg-int.de\/wp-content\/uploads\/2026\/02\/innoo_tech-150x150.jpg 150w\" sizes=\"auto, (max-width: 400px) 100vw, 400px\" \/><\/figure>\n\n\n\n<p class=\"has-black-color has-text-color has-medium-font-size\"><a href=\"#\">ITP<\/a><\/p>\n\n\n\n<p class=\"has-text-color\" style=\"color:#7a7a7a\">Mit einem zukunftsorientierten Ansatz vereinen wir Ingenieurwesen, Beratung und Design und bieten so nicht nur L\u00f6sungen, sondern auch Visionen f\u00fcr unsere Projekte. Durch den effektiven Einsatz von Technologie und unsere nachhaltigen, wirkungsvollen Methoden schaffen wir dauerhaften Mehrwert f\u00fcr unsere Kunden und erzielen mit unserer Expertise Ergebnisse, die wirklich etwas bewegen.<\/p>\n<\/div>\n<\/div>\n\n\n\n<div style=\"height:16px\" aria-hidden=\"true\" class=\"wp-block-spacer\"><\/div>\n\n\n\n<p><\/p>\n","protected":false},"excerpt":{"rendered":"<p>Seit unserer Gr\u00fcndung konzentrieren wir uns auf innovative Perspektiven, ingenieurtechnische Kompetenz und nachhaltige L\u00f6sungen und realisieren Projekte, die den Bed\u00fcrfnissen unserer Kunden einen echten Mehrwert bieten. Unser Expertenteam geht Beratungs-, Entwicklungs- und Planungsprozesse ganzheitlich an und legt dabei in jedem &hellip; <\/p>\n<p class=\"link-more\"><a href=\"https:\/\/pg-int.de\/?page_id=1078&#038;lang=de\" class=\"more-link\"><span class=\"screen-reader-text\"> &#8220;\u00dcber uns&#8221;<\/span>devam\u0131n\u0131 oku<\/a><\/p>\n","protected":false},"author":1,"featured_media":710,"parent":0,"menu_order":0,"comment_status":"closed","ping_status":"closed","template":"","meta":{"inspiro_hide_title":false,"footnotes":""},"class_list":["post-1078","page","type-page","status-publish","has-post-thumbnail","hentry"],"_links":{"self":[{"href":"https:\/\/pg-int.de\/index.php?rest_route=\/wp\/v2\/pages\/1078","targetHints":{"allow":["GET"]}}],"collection":[{"href":"https:\/\/pg-int.de\/index.php?rest_route=\/wp\/v2\/pages"}],"about":[{"href":"https:\/\/pg-int.de\/index.php?rest_route=\/wp\/v2\/types\/page"}],"author":[{"embeddable":true,"href":"https:\/\/pg-int.de\/index.php?rest_route=\/wp\/v2\/users\/1"}],"replies":[{"embeddable":true,"href":"https:\/\/pg-int.de\/index.php?rest_route=%2Fwp%2Fv2%2Fcomments&post=1078"}],"version-history":[{"count":2,"href":"https:\/\/pg-int.de\/index.php?rest_route=\/wp\/v2\/pages\/1078\/revisions"}],"predecessor-version":[{"id":1083,"href":"https:\/\/pg-int.de\/index.php?rest_route=\/wp\/v2\/pages\/1078\/revisions\/1083"}],"wp:featuredmedia":[{"embeddable":true,"href":"https:\/\/pg-int.de\/index.php?rest_route=\/wp\/v2\/media\/710"}],"wp:attachment":[{"href":"https:\/\/pg-int.de\/index.php?rest_route=%2Fwp%2Fv2%2Fmedia&parent=1078"}],"curies":[{"name":"wp","href":"https:\/\/api.w.org\/{rel}","templated":true}]}}