{"id":1088,"date":"2026-02-23T12:28:29","date_gmt":"2026-02-23T09:28:29","guid":{"rendered":"http:\/\/pmd.elektronikdizgi.com\/?page_id=1088"},"modified":"2026-02-23T13:14:37","modified_gmt":"2026-02-23T10:14:37","slug":"vision-mission","status":"publish","type":"page","link":"https:\/\/pg-int.de\/?page_id=1088&lang=de","title":{"rendered":"Mission &amp; Vision"},"content":{"rendered":"\n<h2 class=\"wp-block-heading\">Vision<\/h2>\n\n\n\n<p>Wir f\u00fchren Ingenieur- und Forschungs- und Entwicklungsarbeiten in den Bereichen Automobil, Luft- und Raumfahrt sowie Verteidigung durch \u2013 von der Konzeptentwicklung bis zur Serienproduktion \u2013 und setzen dabei auf heimische Ressourcen und erfahrenes Personal.<\/p>\n\n\n\n<h2 class=\"wp-block-heading\">Mission<\/h2>\n\n\n\n<p>Wir bieten Ingenieur-, Beratungs-, IT- und Fertigungsdienstleistungen in den Bereichen Automobil, Luft- und Raumfahrt sowie Verteidigung an. Wir arbeiten mit in- und ausl\u00e4ndischen Kunden, Lieferanten und Partnern zusammen. Wir verfolgen und implementieren Innovationen und Entwicklungen, insbesondere in den Bereichen Automobil, Luft- und Raumfahrt, Verteidigung, Elektronik und Informationstechnologie. Durch den st\u00e4ndigen Austausch von Erfahrungen und Wissen mit Branchenexperten entwickeln wir innovative Konzepte und ma\u00dfgeschneiderte L\u00f6sungen f\u00fcr unsere Kunden. Vertraulichkeit, Engagement und Datenschutz sind Grundpfeiler unserer Unternehmensphilosophie.<\/p>\n","protected":false},"excerpt":{"rendered":"<p>Vision Wir f\u00fchren Ingenieur- und Forschungs- und Entwicklungsarbeiten in den Bereichen Automobil, Luft- und Raumfahrt sowie Verteidigung durch \u2013 von der Konzeptentwicklung bis zur Serienproduktion \u2013 und setzen dabei auf heimische Ressourcen und erfahrenes Personal. Mission Wir bieten Ingenieur-, Beratungs-, &hellip; <\/p>\n<p class=\"link-more\"><a href=\"https:\/\/pg-int.de\/?page_id=1088&#038;lang=de\" class=\"more-link\"><span class=\"screen-reader-text\"> &#8220;Mission &amp; Vision&#8221;<\/span>devam\u0131n\u0131 oku<\/a><\/p>\n","protected":false},"author":1,"featured_media":690,"parent":0,"menu_order":0,"comment_status":"closed","ping_status":"closed","template":"","meta":{"inspiro_hide_title":false,"footnotes":""},"class_list":["post-1088","page","type-page","status-publish","has-post-thumbnail","hentry"],"_links":{"self":[{"href":"https:\/\/pg-int.de\/index.php?rest_route=\/wp\/v2\/pages\/1088","targetHints":{"allow":["GET"]}}],"collection":[{"href":"https:\/\/pg-int.de\/index.php?rest_route=\/wp\/v2\/pages"}],"about":[{"href":"https:\/\/pg-int.de\/index.php?rest_route=\/wp\/v2\/types\/page"}],"author":[{"embeddable":true,"href":"https:\/\/pg-int.de\/index.php?rest_route=\/wp\/v2\/users\/1"}],"replies":[{"embeddable":true,"href":"https:\/\/pg-int.de\/index.php?rest_route=%2Fwp%2Fv2%2Fcomments&post=1088"}],"version-history":[{"count":2,"href":"https:\/\/pg-int.de\/index.php?rest_route=\/wp\/v2\/pages\/1088\/revisions"}],"predecessor-version":[{"id":1125,"href":"https:\/\/pg-int.de\/index.php?rest_route=\/wp\/v2\/pages\/1088\/revisions\/1125"}],"wp:featuredmedia":[{"embeddable":true,"href":"https:\/\/pg-int.de\/index.php?rest_route=\/wp\/v2\/media\/690"}],"wp:attachment":[{"href":"https:\/\/pg-int.de\/index.php?rest_route=%2Fwp%2Fv2%2Fmedia&parent=1088"}],"curies":[{"name":"wp","href":"https:\/\/api.w.org\/{rel}","templated":true}]}}