{"id":1132,"date":"2026-02-23T13:22:12","date_gmt":"2026-02-23T10:22:12","guid":{"rendered":"http:\/\/pmd.elektronikdizgi.com\/?page_id=1132"},"modified":"2026-02-23T13:22:48","modified_gmt":"2026-02-23T10:22:48","slug":"insan-kaynaklari-2","status":"publish","type":"page","link":"https:\/\/pg-int.de\/?page_id=1132&lang=tr","title":{"rendered":"\u0130nsan Kaynaklar\u0131"},"content":{"rendered":"\n<div class=\"wp-block-columns is-layout-flex wp-container-core-columns-is-layout-28f84493 wp-block-columns-is-layout-flex\">\n<div class=\"wp-block-column is-layout-flow wp-block-column-is-layout-flow\">\n<h3 class=\"wp-block-heading\"><strong>\u0130nsan Kaynaklar\u0131 Politikam\u0131z<\/strong><\/h3>\n\n\n\n<p>Professionals M\u00fchendislik ve Dan\u0131\u015fmanl\u0131k, yeti\u015fmi\u015f insan g\u00fcc\u00fcn\u00fcn bir \u015firket i\u00e7in en \u00f6nemli varl\u0131k oldu\u011funun bilincinde ve \u00e7al\u0131\u015fanlar\u0131n\u0131n ki\u015filik ve becerilerini kendilerinin memnuniyetini de g\u00f6z \u00f6n\u00fcnde bulundurarak geli\u015ftirmeyi prensip edinmi\u015ftir.<\/p>\n\n\n\n<p>Ba\u015fl\u0131ca amac\u0131m\u0131z; e\u011fitim d\u00fczeyi y\u00fcksek, k\u00fcresel de\u011fi\u015fimlere ayak uydurabilen, giri\u015fimci, geli\u015fime a\u00e7\u0131k, yetkinli\u011fi olan personelin, kurumumuz b\u00fcnyesindeki ilgili g\u00f6revin \u00f6zelli\u011fine ve tarifine uygun \u015fekilde g\u00f6revlendirilmesini sa\u011flamak ve t\u00fcm personele, ki\u015filik ve yeteneklerine g\u00f6re yeti\u015fme ve geli\u015fme imk\u00e2nlar\u0131 sunmakt\u0131r.<\/p>\n\n\n\n<p>Bu anlamda uygulad\u0131\u011f\u0131m\u0131z e\u011fitim \u00e7al\u0131\u015fmalar\u0131 sayesinde, her bir \u00e7al\u0131\u015fan\u0131n ki\u015fisel ve mesleki a\u00e7\u0131dan geli\u015fimine katk\u0131da bulunuyoruz.<\/p>\n\n\n\n<p>\u0130nsan Kaynaklar\u0131 departman\u0131 olarak, \u00fcstlendikleri g\u00f6rev \u00e7er\u00e7evesinde \u00e7al\u0131\u015fanlar\u0131m\u0131z\u0131 \u00e7e\u015fitli stratejiler \u00fcretmeye ve inisiyatif kullanmaya y\u00f6neltirken, b\u00f6ylece mevcut i\u015flerine ve i\u015flerinin sonu\u00e7lar\u0131na sahip \u00e7\u0131kma noktas\u0131nda, kendilerini y\u00fcreklendirmeye \u00e7al\u0131\u015fmaktay\u0131z.<\/p>\n\n\n\n<p class=\"has-text-align-left has-large-font-size\"><strong>Ekibimize kat\u0131lmay\u0131 m\u0131 d\u00fc\u015f\u00fcn\u00fcyorsunuz?<\/strong><\/p>\n\n\n\n<div class=\"wp-block-columns is-layout-flex wp-container-core-columns-is-layout-28f84493 wp-block-columns-is-layout-flex\">\n<div class=\"wp-block-column is-layout-flow wp-block-column-is-layout-flow\">\n<p style=\"line-height:2.5\">A\u00e7\u0131k pozisyonlar\u0131m\u0131za g\u00f6z at\u0131n veya bize bir mesaj g\u00f6nderin, merhaba deyin.<\/p>\n\n\n\n<p><a href=\"mailto:info@pg-int.net\">info@pg-int.net<\/a><\/p>\n<\/div>\n\n\n<\/div>\n<\/div>\n<\/div>\n\n\n\n<div class=\"wp-block-buttons is-content-justification-center is-layout-flex wp-container-core-buttons-is-layout-a89b3969 wp-block-buttons-is-layout-flex\">\n<div class=\"wp-block-button\"><a class=\"wp-block-button__link wp-element-button\">\u0130\u015e \u0130LANLARINI G\u00d6R\u00dcNT\u00dcLE<\/a><\/div>\n<\/div>\n\n\n\n<p><\/p>\n","protected":false},"excerpt":{"rendered":"<p>\u0130nsan Kaynaklar\u0131 Politikam\u0131z Professionals M\u00fchendislik ve Dan\u0131\u015fmanl\u0131k, yeti\u015fmi\u015f insan g\u00fcc\u00fcn\u00fcn bir \u015firket i\u00e7in en \u00f6nemli varl\u0131k oldu\u011funun bilincinde ve \u00e7al\u0131\u015fanlar\u0131n\u0131n ki\u015filik ve becerilerini kendilerinin memnuniyetini de g\u00f6z \u00f6n\u00fcnde bulundurarak geli\u015ftirmeyi prensip edinmi\u015ftir. Ba\u015fl\u0131ca amac\u0131m\u0131z; e\u011fitim d\u00fczeyi y\u00fcksek, k\u00fcresel de\u011fi\u015fimlere ayak &hellip; <\/p>\n<p class=\"link-more\"><a href=\"https:\/\/pg-int.de\/?page_id=1132&#038;lang=tr\" class=\"more-link\"><span class=\"screen-reader-text\"> &#8220;\u0130nsan Kaynaklar\u0131&#8221;<\/span>devam\u0131n\u0131 oku<\/a><\/p>\n","protected":false},"author":1,"featured_media":741,"parent":0,"menu_order":0,"comment_status":"closed","ping_status":"closed","template":"","meta":{"inspiro_hide_title":false,"footnotes":""},"class_list":["post-1132","page","type-page","status-publish","has-post-thumbnail","hentry"],"_links":{"self":[{"href":"https:\/\/pg-int.de\/index.php?rest_route=\/wp\/v2\/pages\/1132","targetHints":{"allow":["GET"]}}],"collection":[{"href":"https:\/\/pg-int.de\/index.php?rest_route=\/wp\/v2\/pages"}],"about":[{"href":"https:\/\/pg-int.de\/index.php?rest_route=\/wp\/v2\/types\/page"}],"author":[{"embeddable":true,"href":"https:\/\/pg-int.de\/index.php?rest_route=\/wp\/v2\/users\/1"}],"replies":[{"embeddable":true,"href":"https:\/\/pg-int.de\/index.php?rest_route=%2Fwp%2Fv2%2Fcomments&post=1132"}],"version-history":[{"count":2,"href":"https:\/\/pg-int.de\/index.php?rest_route=\/wp\/v2\/pages\/1132\/revisions"}],"predecessor-version":[{"id":1134,"href":"https:\/\/pg-int.de\/index.php?rest_route=\/wp\/v2\/pages\/1132\/revisions\/1134"}],"wp:featuredmedia":[{"embeddable":true,"href":"https:\/\/pg-int.de\/index.php?rest_route=\/wp\/v2\/media\/741"}],"wp:attachment":[{"href":"https:\/\/pg-int.de\/index.php?rest_route=%2Fwp%2Fv2%2Fmedia&parent=1132"}],"curies":[{"name":"wp","href":"https:\/\/api.w.org\/{rel}","templated":true}]}}