{"id":1135,"date":"2026-02-23T13:23:34","date_gmt":"2026-02-23T10:23:34","guid":{"rendered":"http:\/\/pmd.elektronikdizgi.com\/?page_id=1135"},"modified":"2026-02-23T13:29:53","modified_gmt":"2026-02-23T10:29:53","slug":"personalwesen","status":"publish","type":"page","link":"https:\/\/pg-int.de\/?page_id=1135&lang=de","title":{"rendered":"Personalwesen"},"content":{"rendered":"\n<h2 class=\"wp-block-heading\">Unsere Personalpolitik<\/h2>\n\n\n\n<p>Professionals Engineering and Consulting ist sich bewusst, dass qualifizierte Mitarbeiter das wichtigste Kapital eines Unternehmens sind. Daher legen wir gro\u00dfen Wert auf die pers\u00f6nliche und fachliche Weiterentwicklung unserer Mitarbeiter und ber\u00fccksichtigen dabei deren Zufriedenheit.<\/p>\n\n\n\n<p>Unser Hauptziel ist es, sicherzustellen, dass hochqualifizierte, anpassungsf\u00e4hige, unternehmerisch denkende, entwicklungsbereite und kompetente Mitarbeiter entsprechend ihrer Aufgaben und Anforderungen die passenden Positionen in unserem Unternehmen besetzen. Wir bieten allen Mitarbeitern Weiterbildungs- und Entwicklungsm\u00f6glichkeiten, die ihren individuellen St\u00e4rken und F\u00e4higkeiten entsprechen.<\/p>\n\n\n\n<p>Mit unseren Schulungsprogrammen tragen wir zur pers\u00f6nlichen und beruflichen Weiterentwicklung jedes einzelnen Mitarbeiters bei.<\/p>\n\n\n\n<p>Als Personalabteilung ermutigen wir unsere Mitarbeiter, im Rahmen ihrer Aufgaben verschiedene Strategien zu entwickeln und Eigeninitiative zu ergreifen. So f\u00f6rdern wir, dass sie Verantwortung f\u00fcr ihre Arbeit und deren Ergebnisse \u00fcbernehmen.<\/p>\n\n\n\n<h1 class=\"wp-block-heading\"><strong>Haben Sie Interesse, Teil unseres Teams zu werden?<\/strong><\/h1>\n\n\n\n<p>Sehen Sie sich unsere offenen Stellen an oder schreiben Sie uns einfach eine Nachricht.<\/p>\n\n\n\n<p>info@pg-int.net<\/p>\n\n\n\n<div class=\"wp-block-buttons is-content-justification-center is-layout-flex wp-container-core-buttons-is-layout-a89b3969 wp-block-buttons-is-layout-flex\">\n<div class=\"wp-block-button\"><a class=\"wp-block-button__link wp-element-button\">STELLENANGEBOTE ANSEHEN<\/a><\/div>\n<\/div>\n\n\n\n<p><\/p>\n","protected":false},"excerpt":{"rendered":"<p>Unsere Personalpolitik Professionals Engineering and Consulting ist sich bewusst, dass qualifizierte Mitarbeiter das wichtigste Kapital eines Unternehmens sind. Daher legen wir gro\u00dfen Wert auf die pers\u00f6nliche und fachliche Weiterentwicklung unserer Mitarbeiter und ber\u00fccksichtigen dabei deren Zufriedenheit. Unser Hauptziel ist es, &hellip; <\/p>\n<p class=\"link-more\"><a href=\"https:\/\/pg-int.de\/?page_id=1135&#038;lang=de\" class=\"more-link\"><span class=\"screen-reader-text\"> &#8220;Personalwesen&#8221;<\/span>devam\u0131n\u0131 oku<\/a><\/p>\n","protected":false},"author":1,"featured_media":741,"parent":0,"menu_order":0,"comment_status":"closed","ping_status":"closed","template":"","meta":{"inspiro_hide_title":false,"footnotes":""},"class_list":["post-1135","page","type-page","status-publish","has-post-thumbnail","hentry"],"_links":{"self":[{"href":"https:\/\/pg-int.de\/index.php?rest_route=\/wp\/v2\/pages\/1135","targetHints":{"allow":["GET"]}}],"collection":[{"href":"https:\/\/pg-int.de\/index.php?rest_route=\/wp\/v2\/pages"}],"about":[{"href":"https:\/\/pg-int.de\/index.php?rest_route=\/wp\/v2\/types\/page"}],"author":[{"embeddable":true,"href":"https:\/\/pg-int.de\/index.php?rest_route=\/wp\/v2\/users\/1"}],"replies":[{"embeddable":true,"href":"https:\/\/pg-int.de\/index.php?rest_route=%2Fwp%2Fv2%2Fcomments&post=1135"}],"version-history":[{"count":3,"href":"https:\/\/pg-int.de\/index.php?rest_route=\/wp\/v2\/pages\/1135\/revisions"}],"predecessor-version":[{"id":1140,"href":"https:\/\/pg-int.de\/index.php?rest_route=\/wp\/v2\/pages\/1135\/revisions\/1140"}],"wp:featuredmedia":[{"embeddable":true,"href":"https:\/\/pg-int.de\/index.php?rest_route=\/wp\/v2\/media\/741"}],"wp:attachment":[{"href":"https:\/\/pg-int.de\/index.php?rest_route=%2Fwp%2Fv2%2Fmedia&parent=1135"}],"curies":[{"name":"wp","href":"https:\/\/api.w.org\/{rel}","templated":true}]}}