{"id":1148,"date":"2026-02-23T13:36:37","date_gmt":"2026-02-23T10:36:37","guid":{"rendered":"http:\/\/pmd.elektronikdizgi.com\/?page_id=1148"},"modified":"2026-04-14T15:08:46","modified_gmt":"2026-04-14T12:08:46","slug":"kommunikation","status":"publish","type":"page","link":"https:\/\/pg-int.de\/?page_id=1148&lang=de","title":{"rendered":"Kontakt"},"content":{"rendered":"\n<div class=\"wp-block-columns is-layout-flex wp-container-core-columns-is-layout-28f84493 wp-block-columns-is-layout-flex\">\n<div class=\"wp-block-column is-layout-flow wp-block-column-is-layout-flow\">\n<h2 class=\"wp-block-heading has-text-align-center\">Unsere Standorte<\/h2>\n\n\n\n<p class=\"has-text-align-center\" style=\"line-height:2.5\">T\u00fcrkei, Deutschland, Amerika, Polen<\/p>\n<\/div>\n\n\n<\/div>\n\n\n\n<figure class=\"wp-block-image aligncenter size-full\"><img loading=\"lazy\" decoding=\"async\" width=\"1930\" height=\"836\" src=\"http:\/\/pmd.elektronikdizgi.com\/wp-content\/uploads\/2026\/04\/tumm.png\" alt=\"\" class=\"wp-image-1315\" style=\"aspect-ratio:2.6454870235318433;object-fit:contain\" srcset=\"https:\/\/pg-int.de\/wp-content\/uploads\/2026\/04\/tumm.png 1930w, https:\/\/pg-int.de\/wp-content\/uploads\/2026\/04\/tumm-300x130.png 300w, https:\/\/pg-int.de\/wp-content\/uploads\/2026\/04\/tumm-1024x444.png 1024w\" sizes=\"auto, (max-width: 1930px) 100vw, 1930px\" \/><\/figure>\n\n\n\n<div class=\"wp-block-columns alignwide is-layout-flex wp-container-core-columns-is-layout-28f84493 wp-block-columns-is-layout-flex\">\n<div class=\"wp-block-column is-layout-flow wp-block-column-is-layout-flow\">\n<figure class=\"wp-block-image size-full\"><img loading=\"lazy\" decoding=\"async\" width=\"400\" height=\"400\" src=\"http:\/\/www.elektronikdizgi.com\/pmd\/wp-content\/uploads\/2026\/02\/it2.png\" alt=\"\" class=\"wp-image-53\" srcset=\"https:\/\/pg-int.de\/wp-content\/uploads\/2026\/02\/it2.png 400w, https:\/\/pg-int.de\/wp-content\/uploads\/2026\/02\/it2-300x300.png 300w, https:\/\/pg-int.de\/wp-content\/uploads\/2026\/02\/it2-150x150.png 150w\" sizes=\"auto, (max-width: 400px) 100vw, 400px\" \/><\/figure>\n\n\n\n<p class=\"has-black-color has-text-color has-medium-font-size\"><strong>PMD<\/strong><\/p>\n\n\n\n<h3 class=\"wp-block-heading\"><strong><strong>Adresse<\/strong><\/strong><\/h3>\n\n\n\n<p><a href=\"https:\/\/www.google.com\/maps\/place\/\/data=!4m2!3m1!1s0x14b559fea124f73f:0x7908522f55cca84a?sa=X&amp;ved=1t:8290&amp;ictx=111\" data-type=\"link\" data-id=\"https:\/\/www.google.com\/maps\/place\/\/data=!4m2!3m1!1s0x14b559fea124f73f:0x7908522f55cca84a?sa=X&amp;ved=1t:8290&amp;ictx=111\">Ak\u00e7aburgaz, 319. Stra\u00dfe Nr. 86\u201388, Etage 3, 34522 Esenyurt \/ Istanbul \/ T\u00fcrkei<\/a><\/p>\n\n\n\n<h3 class=\"wp-block-heading\"><strong>Email<\/strong><\/h3>\n\n\n\n<p>info@pg-int.net<\/p>\n\n\n\n<h3 class=\"wp-block-heading\"><strong>Telefon<\/strong><\/h3>\n\n\n\n<p class=\"has-text-color\" style=\"color:#7a7a7a\">+90 212 607 0069<\/p>\n<\/div>\n\n\n\n<div class=\"wp-block-column is-layout-flow wp-block-column-is-layout-flow\">\n<figure class=\"wp-block-image size-full\"><img loading=\"lazy\" decoding=\"async\" width=\"400\" height=\"400\" src=\"http:\/\/www.elektronikdizgi.com\/pmd\/wp-content\/uploads\/2026\/02\/it-1.png\" alt=\"\" class=\"wp-image-52\" srcset=\"https:\/\/pg-int.de\/wp-content\/uploads\/2026\/02\/it-1.png 400w, https:\/\/pg-int.de\/wp-content\/uploads\/2026\/02\/it-1-300x300.png 300w, https:\/\/pg-int.de\/wp-content\/uploads\/2026\/02\/it-1-150x150.png 150w\" sizes=\"auto, (max-width: 400px) 100vw, 400px\" \/><\/figure>\n\n\n\n<p class=\"has-black-color has-text-color has-medium-font-size\"><strong>PEC<\/strong><\/p>\n\n\n\n<h3 class=\"wp-block-heading\"><strong>Adresse<\/strong><\/h3>\n\n\n\n<p><a href=\"https:\/\/maps.app.goo.gl\/4s6aoFqeX9kbrt1X9\" data-type=\"link\" data-id=\"https:\/\/maps.app.goo.gl\/4s6aoFqeX9kbrt1X9\">Schwellerhaldestrasse 36<br>72770 Reutlingen \/ Deutschland<\/a><\/p>\n\n\n\n<h3 class=\"wp-block-heading\"><strong>Email<\/strong><\/h3>\n\n\n\n<p>info@pg-int.net<\/p>\n\n\n\n<h3 class=\"wp-block-heading\"><strong><strong>Telefon<\/strong><\/strong><\/h3>\n\n\n\n<p class=\"has-text-color\" style=\"color:#7a7a7a\">+90 212 607 0069<\/p>\n<\/div>\n\n\n\n<div class=\"wp-block-column is-layout-flow wp-block-column-is-layout-flow\">\n<figure class=\"wp-block-image size-full\"><img loading=\"lazy\" decoding=\"async\" width=\"400\" height=\"400\" src=\"http:\/\/www.elektronikdizgi.com\/pmd\/wp-content\/uploads\/2026\/02\/it-4.png\" alt=\"\" class=\"wp-image-56\" srcset=\"https:\/\/pg-int.de\/wp-content\/uploads\/2026\/02\/it-4.png 400w, https:\/\/pg-int.de\/wp-content\/uploads\/2026\/02\/it-4-300x300.png 300w, https:\/\/pg-int.de\/wp-content\/uploads\/2026\/02\/it-4-150x150.png 150w\" sizes=\"auto, (max-width: 400px) 100vw, 400px\" \/><\/figure>\n\n\n\n<p class=\"has-black-color has-text-color has-medium-font-size\"><strong>3DS<\/strong><\/p>\n\n\n\n<h3 class=\"wp-block-heading\"><strong>Adresse<\/strong><\/h3>\n\n\n\n<p><a href=\"https:\/\/www.google.com\/maps\/place\/\/data=!4m2!3m1!1s0x14b559fea124f73f:0x7908522f55cca84a?sa=X&amp;ved=1t:8290&amp;ictx=111\" data-type=\"link\" data-id=\"https:\/\/www.google.com\/maps\/place\/\/data=!4m2!3m1!1s0x14b559fea124f73f:0x7908522f55cca84a?sa=X&amp;ved=1t:8290&amp;ictx=111\">Ak\u00e7aburgaz, 319. Stra\u00dfe Nr. 86\u201388, Etage -1, 34522 Esenyurt \/ Istanbul \/ T\u00fcrkei<\/a><\/p>\n\n\n\n<h3 class=\"wp-block-heading\"><strong>Email<\/strong><\/h3>\n\n\n\n<p>info@pg-int.net<\/p>\n\n\n\n<h3 class=\"wp-block-heading\"><strong><strong>Telefon<\/strong><\/strong><\/h3>\n\n\n\n<p class=\"has-text-color\" style=\"color:#7a7a7a\">+90 212 607 0069<\/p>\n<\/div>\n\n\n\n<div class=\"wp-block-column is-layout-flow wp-block-column-is-layout-flow\">\n<figure class=\"wp-block-image size-full\"><img loading=\"lazy\" decoding=\"async\" width=\"400\" height=\"400\" src=\"http:\/\/www.elektronikdizgi.com\/pmd\/wp-content\/uploads\/2026\/02\/it-3.png\" alt=\"\" class=\"wp-image-55\" srcset=\"https:\/\/pg-int.de\/wp-content\/uploads\/2026\/02\/it-3.png 400w, https:\/\/pg-int.de\/wp-content\/uploads\/2026\/02\/it-3-300x300.png 300w, https:\/\/pg-int.de\/wp-content\/uploads\/2026\/02\/it-3-150x150.png 150w\" sizes=\"auto, (max-width: 400px) 100vw, 400px\" \/><\/figure>\n\n\n\n<p class=\"has-black-color has-text-color has-medium-font-size\"><strong>CAT<\/strong><\/p>\n\n\n\n<h3 class=\"wp-block-heading\"><strong>Adresse<\/strong><\/h3>\n\n\n\n<p>Birmingham \/ <a href=\"https:\/\/www.google.com\/maps\/\" data-type=\"link\" data-id=\"https:\/\/www.google.com\/maps\/place\/\/data=!4m2!3m1!1s0x14b559fea124f73f:0x7908522f55cca84a?sa=X&amp;ved=1t:8290&amp;ictx=111\">Amerika<\/a><\/p>\n\n\n\n<h3 class=\"wp-block-heading\"><strong>Email<\/strong><\/h3>\n\n\n\n<p>info@pg-int.net<\/p>\n\n\n\n<h3 class=\"wp-block-heading\"><strong><strong>Telefon<\/strong><\/strong><\/h3>\n\n\n\n<p class=\"has-text-color\" style=\"color:#7a7a7a\">+90 212 607 0069<\/p>\n<\/div>\n\n\n\n<div class=\"wp-block-column is-layout-flow wp-block-column-is-layout-flow\">\n<figure class=\"wp-block-image size-full\"><img loading=\"lazy\" decoding=\"async\" width=\"400\" height=\"400\" src=\"http:\/\/www.elektronikdizgi.com\/pmd\/wp-content\/uploads\/2026\/02\/innoo_tech.jpg\" alt=\"\" class=\"wp-image-166\" srcset=\"https:\/\/pg-int.de\/wp-content\/uploads\/2026\/02\/innoo_tech.jpg 400w, https:\/\/pg-int.de\/wp-content\/uploads\/2026\/02\/innoo_tech-300x300.jpg 300w, https:\/\/pg-int.de\/wp-content\/uploads\/2026\/02\/innoo_tech-150x150.jpg 150w\" sizes=\"auto, (max-width: 400px) 100vw, 400px\" \/><\/figure>\n\n\n\n<p class=\"has-black-color has-text-color has-medium-font-size\"><strong>INT<\/strong><\/p>\n\n\n\n<h3 class=\"wp-block-heading\"><strong>Adresse<\/strong><\/h3>\n\n\n\n<p>Krak\u00f3w \/ <a href=\"https:\/\/www.google.com\/maps\/\" data-type=\"link\" data-id=\"https:\/\/www.google.com\/maps\/place\/\/data=!4m2!3m1!1s0x14b559fea124f73f:0x7908522f55cca84a?sa=X&amp;ved=1t:8290&amp;ictx=111\">Polen<\/a><\/p>\n\n\n\n<h3 class=\"wp-block-heading\"><strong>Email<\/strong><\/h3>\n\n\n\n<p>info@pg-int.net<\/p>\n\n\n\n<h3 class=\"wp-block-heading\"><strong><strong>Telefon<\/strong><\/strong><\/h3>\n\n\n\n<p class=\"has-text-color\" style=\"color:#7a7a7a\">+90 212 607 0069<\/p>\n<\/div>\n<\/div>\n\n\n\n<div class=\"wp-block-group alignwide is-layout-flow wp-block-group-is-layout-flow\">\n<div class=\"wp-block-group is-layout-flow wp-block-group-is-layout-flow\">\n<div class=\"wp-block-columns is-layout-flex wp-container-core-columns-is-layout-28f84493 wp-block-columns-is-layout-flex\">\n<div class=\"wp-block-column is-layout-flow wp-block-column-is-layout-flow\">\n<p class=\"has-text-color\" style=\"color:#0bb4aa\">Lass uns in Kontakt treten.<\/p>\n\n\n\n<h2 class=\"wp-block-heading has-large-font-size\">Sind Sie bereit, Ihr neues Projekt zu starten?<\/h2>\n\n\n\n<p>F\u00fcr Ihre Projekt-, Kooperations- oder Beratungsanfragen kontaktieren Sie uns bitte. Unser Expertenteam analysiert Ihre Bed\u00fcrfnisse pr\u00e4zise und meldet sich schnellstm\u00f6glich bei Ihnen zur\u00fcck.<\/p>\n\n\n\n<div class=\"wpcf7 no-js\" id=\"wpcf7-f1201-o1\" lang=\"tr-TR\" dir=\"ltr\" data-wpcf7-id=\"1201\">\n<div class=\"screen-reader-response\"><p role=\"status\" aria-live=\"polite\" aria-atomic=\"true\"><\/p> <ul><\/ul><\/div>\n<form action=\"\/index.php?rest_route=%2Fwp%2Fv2%2Fpages%2F1148#wpcf7-f1201-o1\" method=\"post\" class=\"wpcf7-form init\" aria-label=\"\u0130leti\u015fim Formu\" novalidate=\"novalidate\" data-status=\"init\">\n<fieldset class=\"hidden-fields-container\"><input type=\"hidden\" name=\"_wpcf7\" value=\"1201\" \/><input type=\"hidden\" name=\"_wpcf7_version\" value=\"6.1.5\" \/><input type=\"hidden\" name=\"_wpcf7_locale\" value=\"tr_TR\" \/><input type=\"hidden\" name=\"_wpcf7_unit_tag\" value=\"wpcf7-f1201-o1\" \/><input type=\"hidden\" name=\"_wpcf7_container_post\" value=\"0\" \/><input type=\"hidden\" name=\"_wpcf7_posted_data_hash\" value=\"\" \/>\n<\/fieldset>\n<p><label> Ihr Name<br \/>\n<span class=\"wpcf7-form-control-wrap\" data-name=\"your-name\"><input size=\"40\" maxlength=\"400\" class=\"wpcf7-form-control wpcf7-text wpcf7-validates-as-required\" autocomplete=\"name\" aria-required=\"true\" aria-invalid=\"false\" value=\"\" type=\"text\" name=\"your-name\" \/><\/span> <\/label>\n<\/p>\n<p><label> Ihre E-Mail-Adresse<br \/>\n<span class=\"wpcf7-form-control-wrap\" data-name=\"your-email\"><input size=\"40\" maxlength=\"400\" class=\"wpcf7-form-control wpcf7-email wpcf7-validates-as-required wpcf7-text wpcf7-validates-as-email\" autocomplete=\"email\" aria-required=\"true\" aria-invalid=\"false\" value=\"\" type=\"email\" name=\"your-email\" \/><\/span> <\/label>\n<\/p>\n<p><label> Thema<br \/>\n<span class=\"wpcf7-form-control-wrap\" data-name=\"your-subject\"><input size=\"40\" maxlength=\"400\" class=\"wpcf7-form-control wpcf7-text wpcf7-validates-as-required\" aria-required=\"true\" aria-invalid=\"false\" value=\"\" type=\"text\" name=\"your-subject\" \/><\/span> <\/label>\n<\/p>\n<p><label> Ihre Nachricht (Optional)<br \/>\n<span class=\"wpcf7-form-control-wrap\" data-name=\"your-message\"><textarea cols=\"40\" rows=\"10\" maxlength=\"2000\" class=\"wpcf7-form-control wpcf7-textarea\" aria-invalid=\"false\" name=\"your-message\"><\/textarea><\/span> <\/label>\n<\/p>\n<p><input class=\"wpcf7-form-control wpcf7-submit has-spinner\" type=\"submit\" value=\"Schicken\" \/>\n<\/p><p style=\"display: none !important;\" class=\"akismet-fields-container\" data-prefix=\"_wpcf7_ak_\"><label>&#916;<textarea name=\"_wpcf7_ak_hp_textarea\" cols=\"45\" rows=\"8\" maxlength=\"100\"><\/textarea><\/label><input type=\"hidden\" id=\"ak_js_1\" name=\"_wpcf7_ak_js\" value=\"8\"\/><script>document.getElementById( \"ak_js_1\" ).setAttribute( \"value\", ( new Date() ).getTime() );<\/script><\/p><div class=\"wpcf7-response-output\" aria-hidden=\"true\"><\/div>\n<\/form>\n<\/div>\n\n<\/div>\n<\/div>\n<\/div>\n<\/div>\n\n\n\n<p><\/p>\n","protected":false},"excerpt":{"rendered":"<p>Unsere Standorte T\u00fcrkei, Deutschland, Amerika, Polen New YorkParisSan FranciscoSydneyTokyo PMD Adresse Ak\u00e7aburgaz, 319. Stra\u00dfe Nr. 86\u201388, Etage 3, 34522 Esenyurt \/ Istanbul \/ T\u00fcrkei Email info@pg-int.net Telefon +90 212 607 0069 PEC Adresse Schwellerhaldestrasse 3672770 Reutlingen \/ Deutschland Email info@pg-int.net &hellip; <\/p>\n<p class=\"link-more\"><a href=\"https:\/\/pg-int.de\/?page_id=1148&#038;lang=de\" class=\"more-link\"><span class=\"screen-reader-text\"> &#8220;Kontakt&#8221;<\/span>devam\u0131n\u0131 oku<\/a><\/p>\n","protected":false},"author":1,"featured_media":700,"parent":0,"menu_order":0,"comment_status":"closed","ping_status":"closed","template":"","meta":{"inspiro_hide_title":false,"footnotes":""},"class_list":["post-1148","page","type-page","status-publish","has-post-thumbnail","hentry"],"_links":{"self":[{"href":"https:\/\/pg-int.de\/index.php?rest_route=\/wp\/v2\/pages\/1148","targetHints":{"allow":["GET"]}}],"collection":[{"href":"https:\/\/pg-int.de\/index.php?rest_route=\/wp\/v2\/pages"}],"about":[{"href":"https:\/\/pg-int.de\/index.php?rest_route=\/wp\/v2\/types\/page"}],"author":[{"embeddable":true,"href":"https:\/\/pg-int.de\/index.php?rest_route=\/wp\/v2\/users\/1"}],"replies":[{"embeddable":true,"href":"https:\/\/pg-int.de\/index.php?rest_route=%2Fwp%2Fv2%2Fcomments&post=1148"}],"version-history":[{"count":19,"href":"https:\/\/pg-int.de\/index.php?rest_route=\/wp\/v2\/pages\/1148\/revisions"}],"predecessor-version":[{"id":1327,"href":"https:\/\/pg-int.de\/index.php?rest_route=\/wp\/v2\/pages\/1148\/revisions\/1327"}],"wp:featuredmedia":[{"embeddable":true,"href":"https:\/\/pg-int.de\/index.php?rest_route=\/wp\/v2\/media\/700"}],"wp:attachment":[{"href":"https:\/\/pg-int.de\/index.php?rest_route=%2Fwp%2Fv2%2Fmedia&parent=1148"}],"curies":[{"name":"wp","href":"https:\/\/api.w.org\/{rel}","templated":true}]}}