{"id":1158,"date":"2026-02-23T13:45:10","date_gmt":"2026-02-23T10:45:10","guid":{"rendered":"http:\/\/pmd.elektronikdizgi.com\/?page_id=1158"},"modified":"2026-02-23T13:45:12","modified_gmt":"2026-02-23T10:45:12","slug":"kalite-politikasi-3ds-2","status":"publish","type":"page","link":"https:\/\/pg-int.de\/?page_id=1158&lang=tr","title":{"rendered":"Kalite Politikas\u0131 3DS"},"content":{"rendered":"\n<p>3D SOLUTIONS olarak vizyon ve misyonumuz do\u011frultusunda m\u00fc\u015fteri beklentilerini maksimum seviyede kar\u015f\u0131layarak, s\u00fcrekli iyile\u015ftirme ve geli\u015fme \u00e7abas\u0131 i\u00e7inde \u00e7al\u0131\u015fmaktay\u0131z. Bu do\u011frultuda i\u015f hacmini geni\u015fletmek ve aranan firma olmak i\u00e7in m\u00fc\u015fterilerimizle ve \u00e7al\u0131\u015fanlar\u0131m\u0131zla memnuniyet odakl\u0131 ili\u015fkiler kurmaktay\u0131z.<\/p>\n\n\n\n<ul class=\"wp-block-list\">\n<li>3D SOLUTIONS olarak t\u00fcm \u00e7al\u0131\u015fanlar\u0131m\u0131z\u0131n kat\u0131l\u0131m ve gayreti ile payda\u015flar\u0131m\u0131z\u0131n ihtiya\u00e7 ve beklentilerini kar\u015f\u0131lamak ve hizmetler ger\u00e7ekle\u015ftirmek,<\/li>\n\n\n\n<li>Kalite standartlar\u0131m\u0131z\u0131 en y\u00fcksek de\u011ferlerde tutarak ve yasal gereklilikleri yerine getirerek, uluslararas\u0131 ve ulusal standartlara uygun hizmetleri yaparak \u00f6nc\u00fc ve yenilik\u00e7i firma olmak,<\/li>\n\n\n\n<li>Mevzuatlar \u00e7er\u00e7evesinde hizmet tesis ederken gerek personelimizin gerekse yararlan\u0131c\u0131lar\u0131m\u0131z\u0131n memnuniyetini en y\u00fcksek seviyeye ta\u015f\u0131mak,<\/li>\n\n\n\n<li>Verimlilikte Kararl\u0131l\u0131k 3D SOLUTIONS\u2019in \u00e7al\u0131\u015fma sistemi ve faaliyetlerinin temelini olu\u015fturur. \u0130nsan, do\u011fa ve anapara kaynaklar\u0131n\u0131n sorumluluk bilinciyle kullan\u0131lmas\u0131yla g\u00fcvenilir ve s\u00fcrekli sonu\u00e7lar sa\u011flamak,<\/li>\n\n\n\n<li>M\u00fc\u015fteri ihtiya\u00e7lar\u0131n\u0131 ve uygulanabilir birincil ve ikincil mevzuat \u015fartlar\u0131na uygun olarak kar\u015f\u0131lanaca\u011f\u0131n\u0131 sa\u011flamak,<\/li>\n\n\n\n<li>Hizmetlerin sunumunu ve uygunlu\u011funu etkileyebilecek risk ve f\u0131rsatlar ile m\u00fc\u015fteri memnuniyetinin art\u0131r\u0131lmas\u0131 sa\u011flamak,<\/li>\n\n\n\n<li>M\u00fc\u015fteri memnuniyetinin art\u0131r\u0131lmas\u0131n\u0131 ve s\u00fcrd\u00fcr\u00fclmesini sa\u011flamak,<\/li>\n\n\n\n<li>3D SOLUTIONS toplumdan kazand\u0131\u011f\u0131n\u0131 yine topluma yapt\u0131\u011f\u0131 yat\u0131r\u0131mlarla payla\u015fmay\u0131, \u00fclke ekonomisine ve e\u011fitimine katk\u0131 sa\u011flamay\u0131 ilke edinmi\u015ftir.<\/li>\n<\/ul>\n\n\n\n<p><\/p>\n\n\n\n<p><\/p>\n\n\n\n<p class=\"has-text-align-right\">Genel M\u00fcd\u00fcr<\/p>\n","protected":false},"excerpt":{"rendered":"<p>3D SOLUTIONS olarak vizyon ve misyonumuz do\u011frultusunda m\u00fc\u015fteri beklentilerini maksimum seviyede kar\u015f\u0131layarak, s\u00fcrekli iyile\u015ftirme ve geli\u015fme \u00e7abas\u0131 i\u00e7inde \u00e7al\u0131\u015fmaktay\u0131z. Bu do\u011frultuda i\u015f hacmini geni\u015fletmek ve aranan firma olmak i\u00e7in m\u00fc\u015fterilerimizle ve \u00e7al\u0131\u015fanlar\u0131m\u0131zla memnuniyet odakl\u0131 ili\u015fkiler kurmaktay\u0131z. Genel M\u00fcd\u00fcr<\/p>\n","protected":false},"author":1,"featured_media":0,"parent":0,"menu_order":0,"comment_status":"closed","ping_status":"closed","template":"","meta":{"inspiro_hide_title":false,"footnotes":""},"class_list":["post-1158","page","type-page","status-publish","hentry"],"_links":{"self":[{"href":"https:\/\/pg-int.de\/index.php?rest_route=\/wp\/v2\/pages\/1158","targetHints":{"allow":["GET"]}}],"collection":[{"href":"https:\/\/pg-int.de\/index.php?rest_route=\/wp\/v2\/pages"}],"about":[{"href":"https:\/\/pg-int.de\/index.php?rest_route=\/wp\/v2\/types\/page"}],"author":[{"embeddable":true,"href":"https:\/\/pg-int.de\/index.php?rest_route=\/wp\/v2\/users\/1"}],"replies":[{"embeddable":true,"href":"https:\/\/pg-int.de\/index.php?rest_route=%2Fwp%2Fv2%2Fcomments&post=1158"}],"version-history":[{"count":1,"href":"https:\/\/pg-int.de\/index.php?rest_route=\/wp\/v2\/pages\/1158\/revisions"}],"predecessor-version":[{"id":1159,"href":"https:\/\/pg-int.de\/index.php?rest_route=\/wp\/v2\/pages\/1158\/revisions\/1159"}],"wp:attachment":[{"href":"https:\/\/pg-int.de\/index.php?rest_route=%2Fwp%2Fv2%2Fmedia&parent=1158"}],"curies":[{"name":"wp","href":"https:\/\/api.w.org\/{rel}","templated":true}]}}