{"id":1162,"date":"2026-02-23T13:49:28","date_gmt":"2026-02-23T10:49:28","guid":{"rendered":"http:\/\/pmd.elektronikdizgi.com\/?page_id=1162"},"modified":"2026-02-23T14:02:45","modified_gmt":"2026-02-23T11:02:45","slug":"qualitatspolitik","status":"publish","type":"page","link":"https:\/\/pg-int.de\/?page_id=1162&lang=de","title":{"rendered":"Qualit\u00e4tspolitik 3DS"},"content":{"rendered":"\n<p>Bei 3D SOLUTIONS streben wir, im Einklang mit unserer Vision und Mission, nach kontinuierlicher Verbesserung und Weiterentwicklung, indem wir die Erwartungen unserer Kunden bestm\u00f6glich erf\u00fcllen. Um unser Gesch\u00e4ftsvolumen auszubauen und ein gefragtes Unternehmen zu werden, pflegen wir kundenorientierte Beziehungen zu unseren Kunden und Mitarbeitern.<\/p>\n\n\n\n<ul class=\"wp-block-list\">\n<li>Bei 3D SOLUTIONS streben wir danach, die Bed\u00fcrfnisse und Erwartungen unserer Stakeholder zu erf\u00fcllen und Dienstleistungen durch die Beteiligung und das Engagement aller unserer Mitarbeiter zu erbringen,<\/li>\n\n\n\n<li>Durch die Einhaltung h\u00f6chster Qualit\u00e4tsstandards und die Erf\u00fcllung gesetzlicher Anforderungen wollen wir ein f\u00fchrendes und innovatives Unternehmen sein, das Dienstleistungen anbietet, die internationalen und nationalen Standards entsprechen,<\/li>\n\n\n\n<li>Unser Ziel ist es, die Zufriedenheit sowohl unserer Mitarbeiter als auch unserer Leistungsempf\u00e4nger zu maximieren und gleichzeitig Dienstleistungen im Rahmen der geltenden Vorschriften zu erbringen,<\/li>\n\n\n\n<li>Effizienz bildet die Grundlage der Arbeitsweise und Aktivit\u00e4ten von 3D SOLUTIONS. Unser Ziel ist es, durch den verantwortungsvollen Umgang mit personellen, \u00f6kologischen und finanziellen Ressourcen verl\u00e4ssliche und best\u00e4ndige Ergebnisse zu liefern,<\/li>\n\n\n\n<li>Um sicherzustellen, dass die Kundenbed\u00fcrfnisse erf\u00fcllt werden und die geltenden prim\u00e4ren und sekund\u00e4ren regulatorischen Anforderungen eingehalten werden,<\/li>\n\n\n\n<li>Identifizierung von Risiken und Chancen, die die Erbringung und Eignung von Dienstleistungen beeintr\u00e4chtigen k\u00f6nnten, und Sicherstellung einer gesteigerten Kundenzufriedenheit,<\/li>\n\n\n\n<li>Um die Kundenzufriedenheit zu steigern und aufrechtzuerhalten,<\/li>\n\n\n\n<li>3D SOLUTIONS hat sich dem Prinzip verschrieben, der Gesellschaft zur\u00fcckzugeben, was sie von ihr erh\u00e4lt, und so zur Wirtschaft und Bildung des Landes beizutragen.<\/li>\n<\/ul>\n\n\n\n<p><\/p>\n\n\n\n<p><\/p>\n\n\n\n<p class=\"has-text-align-right\">Hauptgesch\u00e4ftsf\u00fchrer<\/p>\n","protected":false},"excerpt":{"rendered":"<p>Bei 3D SOLUTIONS streben wir, im Einklang mit unserer Vision und Mission, nach kontinuierlicher Verbesserung und Weiterentwicklung, indem wir die Erwartungen unserer Kunden bestm\u00f6glich erf\u00fcllen. Um unser Gesch\u00e4ftsvolumen auszubauen und ein gefragtes Unternehmen zu werden, pflegen wir kundenorientierte Beziehungen zu &hellip; <\/p>\n<p class=\"link-more\"><a href=\"https:\/\/pg-int.de\/?page_id=1162&#038;lang=de\" class=\"more-link\"><span class=\"screen-reader-text\"> &#8220;Qualit\u00e4tspolitik 3DS&#8221;<\/span>devam\u0131n\u0131 oku<\/a><\/p>\n","protected":false},"author":1,"featured_media":0,"parent":0,"menu_order":0,"comment_status":"closed","ping_status":"closed","template":"","meta":{"inspiro_hide_title":false,"footnotes":""},"class_list":["post-1162","page","type-page","status-publish","hentry"],"_links":{"self":[{"href":"https:\/\/pg-int.de\/index.php?rest_route=\/wp\/v2\/pages\/1162","targetHints":{"allow":["GET"]}}],"collection":[{"href":"https:\/\/pg-int.de\/index.php?rest_route=\/wp\/v2\/pages"}],"about":[{"href":"https:\/\/pg-int.de\/index.php?rest_route=\/wp\/v2\/types\/page"}],"author":[{"embeddable":true,"href":"https:\/\/pg-int.de\/index.php?rest_route=\/wp\/v2\/users\/1"}],"replies":[{"embeddable":true,"href":"https:\/\/pg-int.de\/index.php?rest_route=%2Fwp%2Fv2%2Fcomments&post=1162"}],"version-history":[{"count":3,"href":"https:\/\/pg-int.de\/index.php?rest_route=\/wp\/v2\/pages\/1162\/revisions"}],"predecessor-version":[{"id":1178,"href":"https:\/\/pg-int.de\/index.php?rest_route=\/wp\/v2\/pages\/1162\/revisions\/1178"}],"wp:attachment":[{"href":"https:\/\/pg-int.de\/index.php?rest_route=%2Fwp%2Fv2%2Fmedia&parent=1162"}],"curies":[{"name":"wp","href":"https:\/\/api.w.org\/{rel}","templated":true}]}}