{"id":751,"date":"2026-02-12T13:46:08","date_gmt":"2026-02-12T10:46:08","guid":{"rendered":"http:\/\/pmd.elektronikdizgi.com\/?page_id=751"},"modified":"2026-02-23T11:58:09","modified_gmt":"2026-02-23T08:58:09","slug":"haberler","status":"publish","type":"page","link":"https:\/\/pg-int.de\/?page_id=751","title":{"rendered":"News"},"content":{"rendered":"\n<div class=\"wp-block-columns is-layout-flex wp-container-core-columns-is-layout-28f84493 wp-block-columns-is-layout-flex\">\n<div class=\"wp-block-column is-layout-flow wp-block-column-is-layout-flow\">\n<p><iframe loading=\"lazy\" title=\"G\u00f6m\u00fcl\u00fc g\u00f6nderi\" src=\"https:\/\/www.linkedin.com\/embed\/feed\/update\/urn:li:share:7419362022963949568?collapsed=1\" width=\"504\" height=\"700\" frameborder=\"0\" allowfullscreen=\"allowfullscreen\"><\/iframe><\/p>\n<\/div>\n\n\n\n<div class=\"wp-block-column is-layout-flow wp-block-column-is-layout-flow\">\n<p><iframe loading=\"lazy\" src=\"https:\/\/www.linkedin.com\/embed\/feed\/update\/urn:li:share:7362417421908946944?collapsed=1\" height=\"622\" width=\"504\" frameborder=\"0\" allowfullscreen=\"\" title=\"G\u00f6m\u00fcl\u00fc g\u00f6nderi\"><\/iframe><\/p>\n<\/div>\n<\/div>\n\n\n\n<p><\/p>\n","protected":false},"excerpt":{"rendered":"","protected":false},"author":1,"featured_media":753,"parent":0,"menu_order":0,"comment_status":"closed","ping_status":"closed","template":"","meta":{"inspiro_hide_title":false,"footnotes":""},"class_list":["post-751","page","type-page","status-publish","has-post-thumbnail","hentry"],"_links":{"self":[{"href":"https:\/\/pg-int.de\/index.php?rest_route=\/wp\/v2\/pages\/751","targetHints":{"allow":["GET"]}}],"collection":[{"href":"https:\/\/pg-int.de\/index.php?rest_route=\/wp\/v2\/pages"}],"about":[{"href":"https:\/\/pg-int.de\/index.php?rest_route=\/wp\/v2\/types\/page"}],"author":[{"embeddable":true,"href":"https:\/\/pg-int.de\/index.php?rest_route=\/wp\/v2\/users\/1"}],"replies":[{"embeddable":true,"href":"https:\/\/pg-int.de\/index.php?rest_route=%2Fwp%2Fv2%2Fcomments&post=751"}],"version-history":[{"count":18,"href":"https:\/\/pg-int.de\/index.php?rest_route=\/wp\/v2\/pages\/751\/revisions"}],"predecessor-version":[{"id":1058,"href":"https:\/\/pg-int.de\/index.php?rest_route=\/wp\/v2\/pages\/751\/revisions\/1058"}],"wp:featuredmedia":[{"embeddable":true,"href":"https:\/\/pg-int.de\/index.php?rest_route=\/wp\/v2\/media\/753"}],"wp:attachment":[{"href":"https:\/\/pg-int.de\/index.php?rest_route=%2Fwp%2Fv2%2Fmedia&parent=751"}],"curies":[{"name":"wp","href":"https:\/\/api.w.org\/{rel}","templated":true}]}}